{"id":24756,"date":"2021-02-09T11:13:21","date_gmt":"2021-02-09T09:13:21","guid":{"rendered":"http:\/\/kriaritsi.com\/el\/?page_id=24756"},"modified":"2022-01-19T10:32:21","modified_gmt":"2022-01-19T08:32:21","slug":"sygrotima-katoikion-parnassos-2022","status":"publish","type":"page","link":"https:\/\/kriaritsi.com\/el\/sygrotima-katoikion-parnassos-2022\/","title":{"rendered":"\u03a3\u03c5\u03b3\u03ba\u03c1\u03cc\u03c4\u03b7\u03bc\u03b1 \u03ba\u03b1\u03c4\u03bf\u03b9\u03ba\u03b9\u03ce\u03bd \u00ab\u03a0\u03b1\u03c1\u03bd\u03b1\u03c3\u03c3\u03cc\u03c2\u00bb"},"content":{"rendered":"<h6 class=\"wp-block-heading\" id=\"%25cf%2583%25cf%2585%25ce%25b3%25ce%25ba%25cf%2581%25cf%258c%25cf%2584%25ce%25b7%25ce%25bc%25ce%25b1-%25ce%25ba%25ce%25b1%25cf%2584%25ce%25bf%25ce%25b9%25ce%25ba%25ce%25b9%25cf%258e%25ce%25bd-%25cf%2580%25ce%25b1%25cf%2581%25ce%25bd%25ce%25b1%25cf%2583%25cf%2583%25cf%258c%25cf%2582\"><strong>\u03a3\u03c5\u03b3\u03ba\u03c1\u03cc\u03c4\u03b7\u03bc\u03b1 \u03ba\u03b1\u03c4\u03bf\u03b9\u03ba\u03b9\u03ce\u03bd \u00ab\u03a0\u03b1\u03c1\u03bd\u03b1\u03c3\u03c3\u03cc\u03c2\u00bb<\/strong><\/h6>\n\n\n\t\t\t<!-- START parnassus REVOLUTION SLIDER 6.5.7 --><p class=\"rs-p-wp-fix\"><\/p>\n\t\t\t<rs-module-wrap id=\"rev_slider_28_1_wrapper\" data-source=\"gallery\" style=\"visibility:hidden;background:transparent;padding:0;margin:0px auto;margin-top:0;margin-bottom:0;max-width:;\">\n\t\t\t\t<rs-module id=\"rev_slider_28_1\" style=\"\" data-version=\"6.5.7\">\n\t\t\t\t\t<rs-slides>\n\t\t\t\t\t\t<rs-slide style=\"position: absolute;\" data-key=\"rs-341\" data-title=\"Slide\" data-thumb=\"\/\/kriaritsi.com\/wp-content\/uploads\/2018\/09\/1-100x50.jpeg\" data-anim=\"ms:600;\" data-in=\"o:0;\" data-out=\"a:false;\">\n\t\t\t\t\t\t\t<img decoding=\"async\" src=\"\/\/kriaritsi.com\/wp-content\/plugins\/revslider\/public\/assets\/assets\/dummy.png\" title=\"\u03a3\u03c5\u03b3\u03ba\u03c1\u03cc\u03c4\u03b7\u03bc\u03b1 \u03ba\u03b1\u03c4\u03bf\u03b9\u03ba\u03b9\u03ce\u03bd \u00ab\u03a0\u03b1\u03c1\u03bd\u03b1\u03c3\u03c3\u03cc\u03c2\u00bb\" class=\"rev-slidebg tp-rs-img rs-lazyload\" data-lazyload=\"\/\/kriaritsi.com\/wp-content\/uploads\/2018\/09\/1.jpeg\" data-parallax=\"off\" data-no-retina alt=\"\">\n<!---->\t\t\t\t\t\t<\/rs-slide>\n\t\t\t\t\t\t<rs-slide style=\"position: absolute;\" data-key=\"rs-342\" data-title=\"Slide\" data-thumb=\"\/\/kriaritsi.com\/wp-content\/uploads\/2018\/09\/3-100x50.jpeg\" data-in=\"o:0;\" data-out=\"a:false;\">\n\t\t\t\t\t\t\t<img decoding=\"async\" src=\"\/\/kriaritsi.com\/wp-content\/plugins\/revslider\/public\/assets\/assets\/dummy.png\" title=\"\u03a3\u03c5\u03b3\u03ba\u03c1\u03cc\u03c4\u03b7\u03bc\u03b1 \u03ba\u03b1\u03c4\u03bf\u03b9\u03ba\u03b9\u03ce\u03bd \u00ab\u03a0\u03b1\u03c1\u03bd\u03b1\u03c3\u03c3\u03cc\u03c2\u00bb\" class=\"rev-slidebg tp-rs-img rs-lazyload\" data-lazyload=\"\/\/kriaritsi.com\/wp-content\/uploads\/2018\/09\/3.jpeg\" data-parallax=\"off\" data-no-retina alt=\"\">\n<!---->\t\t\t\t\t\t<\/rs-slide>\n\t\t\t\t\t\t<rs-slide style=\"position: absolute;\" data-key=\"rs-344\" data-title=\"Slide\" data-thumb=\"\/\/kriaritsi.com\/wp-content\/uploads\/2018\/09\/7-100x50.jpeg\" data-in=\"o:0;\" data-out=\"a:false;\">\n\t\t\t\t\t\t\t<img decoding=\"async\" src=\"\/\/kriaritsi.com\/wp-content\/plugins\/revslider\/public\/assets\/assets\/dummy.png\" title=\"\u03a3\u03c5\u03b3\u03ba\u03c1\u03cc\u03c4\u03b7\u03bc\u03b1 \u03ba\u03b1\u03c4\u03bf\u03b9\u03ba\u03b9\u03ce\u03bd \u00ab\u03a0\u03b1\u03c1\u03bd\u03b1\u03c3\u03c3\u03cc\u03c2\u00bb\" class=\"rev-slidebg tp-rs-img rs-lazyload\" data-lazyload=\"\/\/kriaritsi.com\/wp-content\/uploads\/2018\/09\/7.jpeg\" data-parallax=\"off\" data-no-retina alt=\"\">\n<!---->\t\t\t\t\t\t<\/rs-slide>\n\t\t\t\t\t\t<rs-slide style=\"position: absolute;\" data-key=\"rs-343\" data-title=\"Slide\" data-thumb=\"\/\/kriaritsi.com\/wp-content\/uploads\/2018\/09\/4-100x50.jpeg\" data-in=\"o:0;\" data-out=\"a:false;\">\n\t\t\t\t\t\t\t<img decoding=\"async\" src=\"\/\/kriaritsi.com\/wp-content\/plugins\/revslider\/public\/assets\/assets\/dummy.png\" title=\"\u03a3\u03c5\u03b3\u03ba\u03c1\u03cc\u03c4\u03b7\u03bc\u03b1 \u03ba\u03b1\u03c4\u03bf\u03b9\u03ba\u03b9\u03ce\u03bd \u00ab\u03a0\u03b1\u03c1\u03bd\u03b1\u03c3\u03c3\u03cc\u03c2\u00bb\" class=\"rev-slidebg tp-rs-img rs-lazyload\" data-lazyload=\"\/\/kriaritsi.com\/wp-content\/uploads\/2018\/09\/4.jpeg\" data-parallax=\"off\" data-no-retina alt=\"\">\n<!---->\t\t\t\t\t\t<\/rs-slide>\n\t\t\t\t\t\t<rs-slide style=\"position: absolute;\" data-key=\"rs-340\" data-title=\"Slide\" data-thumb=\"\/\/kriaritsi.com\/wp-content\/uploads\/2018\/09\/8-100x50.jpeg\" data-in=\"o:0;\" data-out=\"a:false;\">\n\t\t\t\t\t\t\t<img decoding=\"async\" src=\"\/\/kriaritsi.com\/wp-content\/plugins\/revslider\/public\/assets\/assets\/dummy.png\" title=\"\u03a3\u03c5\u03b3\u03ba\u03c1\u03cc\u03c4\u03b7\u03bc\u03b1 \u03ba\u03b1\u03c4\u03bf\u03b9\u03ba\u03b9\u03ce\u03bd \u00ab\u03a0\u03b1\u03c1\u03bd\u03b1\u03c3\u03c3\u03cc\u03c2\u00bb\" class=\"rev-slidebg tp-rs-img rs-lazyload\" data-lazyload=\"\/\/kriaritsi.com\/wp-content\/uploads\/2018\/09\/8.jpeg\" data-parallax=\"off\" data-no-retina alt=\"\">\n<!---->\t\t\t\t\t\t<\/rs-slide>\n\t\t\t\t\t<\/rs-slides>\n\t\t\t\t\t<rs-static-layers class=\"rs-stl-visible\"><!--\n\n\t\t\t\t\t\t\t--><rs-layer\n\t\t\t\t\t\t\t\tid=\"slider-28-slide-23-layer-1\" \n\t\t\t\t\t\t\t\tclass=\"tp-shape tp-shapewrapper rs-layer-static\"\n\t\t\t\t\t\t\t\tdata-type=\"shape\"\n\t\t\t\t\t\t\t\tdata-rsp_ch=\"on\"\n\t\t\t\t\t\t\t\tdata-xy=\"xo:-1px;yo:3px;\"\n\t\t\t\t\t\t\t\tdata-text=\"fw:100;a:inherit;\"\n\t\t\t\t\t\t\t\tdata-dim=\"w:100%;h:100%;\"\n\t\t\t\t\t\t\t\tdata-actions='o:click;a:togglefullscreen;'\n\t\t\t\t\t\t\t\tdata-basealign=\"slide\"\n\t\t\t\t\t\t\t\tdata-onslides=\"s:1;\"\n\t\t\t\t\t\t\t\tdata-frame_0=\"tp:600;\"\n\t\t\t\t\t\t\t\tdata-frame_1=\"tp:600;st:0;\"\n\t\t\t\t\t\t\t\tdata-frame_999=\"o:0;tp:600;st:w;sR:8700;\"\n\t\t\t\t\t\t\t\tstyle=\"z-index:5;background-color:rgba(0,0,0,0);\"\n\t\t\t\t\t\t\t> \n\t\t\t\t\t\t\t<\/rs-layer><!--\n\t\t\t\t\t--><\/rs-static-layers>\n\t\t\t\t<\/rs-module>\n\t\t\t\t<script type=\"text\/javascript\">\n\t\t\t\t\tsetREVStartSize({c: 'rev_slider_28_1',rl:[1240,1024,778,480],el:[],gw:[1240,1024,778,480],gh:[600,600,500,400],type:'standard',justify:'',layout:'fullwidth',mh:\"0\"});if (window.RS_MODULES!==undefined && window.RS_MODULES.modules!==undefined && window.RS_MODULES.modules[\"revslider281\"]!==undefined) {window.RS_MODULES.modules[\"revslider281\"].once = false;window.revapi28 = undefined;if (window.RS_MODULES.checkMinimal!==undefined) window.RS_MODULES.checkMinimal()}\n\t\t\t\t<\/script>\n\t\t\t<\/rs-module-wrap>\n\t\t\t<!-- END REVOLUTION SLIDER -->\n\n\n\n\n<p>\u03a4\u03bf \u03c3\u03c5\u03b3\u03ba\u03c1\u03cc\u03c4\u03b7\u03bc\u03b1 <a href=\"https:\/\/el.wikipedia.org\/wiki\/%CE%A0%CE%B1%CF%81%CE%BD%CE%B1%CF%83%CF%83%CF%8C%CF%82\" target=\"_blank\" rel=\"noopener\">\u03c0\u03b1\u03c1\u03bd\u03b1\u03c3\u03c3\u03cc\u03c2<\/a> \u03b1\u03c0\u03bf\u03c4\u03b5\u03bb\u03b5\u03af\u03c4\u03b1\u03b9 \u03b1\u03c0\u03cc \u03c4\u03c1\u03af\u03b1 \u03b5\u03c0\u03af\u03c0\u03b5\u03b4\u03b1, \u03c3\u03bf\u03c6\u03af\u03c4\u03b1 \u03ba\u03b1\u03b9 \u03b2\u03b5\u03c1\u03ac\u03bd\u03c4\u03b5\u03c2.<br>\u03a4\u03bf \u03c0\u03c1\u03ce\u03c4\u03bf \u03b5\u03c0\u03af\u03c0\u03b5\u03b4\u03bf \u03b1\u03c0\u03bf\u03c4\u03b5\u03bb\u03b5\u03af\u03c4\u03b1\u03b9 \u03b1\u03c0\u03cc \u03b4\u03cd\u03bf \u03c0\u03bb\u03ae\u03c1\u03b7 \u03b4\u03b9\u03b1\u03bc\u03b5\u03c1\u03af\u03c3\u03bc\u03b1\u03c4\u03b1 \u03bc\u03b5 \u03ad\u03bd\u03b1 \u03b4\u03c9\u03bc\u03ac\u03c4\u03b9\u03bf. \u03a4\u03bf \u03ba\u03ac\u03b8\u03b5 \u03b4\u03b9\u03b1\u03bc\u03ad\u03c1\u03b9\u03c3\u03bc\u03b1 \u03ad\u03c7\u03b5\u03b9 \u03b5\u03c0\u03b9\u03c6\u03ac\u03bd\u03b5\u03b9\u03b1 44 \u03c4.\u03bc. \u0397 \u03ba\u03b5\u03bd\u03c4\u03c1\u03b9\u03ba\u03ae \u03b5\u03af\u03c3\u03bf\u03b4\u03bf\u03c2 \u03c3\u03c4\u03b1 \u03b4\u03b9\u03b1\u03bc\u03b5\u03c1\u03af\u03c3\u03bc\u03b1\u03c4\u03b1 \u03c0\u03c1\u03b1\u03b3\u03bc\u03b1\u03c4\u03bf\u03c0\u03bf\u03b9\u03b5\u03af\u03c4\u03b1\u03b9 \u03b1\u03c0\u03cc \u03c4\u03b7\u03bd \u03c0\u03bb\u03b1\u03ca\u03bd\u03ae \u03b2\u03b5\u03c1\u03ac\u03bd\u03c4\u03b1. \u039a\u03ac\u03b8\u03b5 \u03b4\u03b9\u03b1\u03bc\u03ad\u03c1\u03b9\u03c3\u03bc\u03b1 \u03c0\u03c1\u03ce\u03c4\u03bf\u03c5 \u03b5\u03c0\u03b9\u03c0\u03ad\u03b4\u03bf\u03c5 \u03b1\u03c0\u03bf\u03c4\u03b5\u03bb\u03b5\u03af\u03c4\u03b1\u03b9 \u03b1\u03c0\u03cc \u03ba\u03b1\u03b8\u03b9\u03c3\u03c4\u03b9\u03ba\u03cc, \u03ba\u03bf\u03c5\u03b6\u03af\u03bd\u03b1, \u03c0\u03bf\u03c5 \u03b2\u03c1\u03af\u03c3\u03ba\u03bf\u03bd\u03c4\u03b1\u03b9 \u03c3\u03b5 \u03ad\u03bd\u03b1\u03bd \u03b5\u03bd\u03b9\u03b1\u03af\u03bf \u03c7\u03ce\u03c1\u03bf, \u03bb\u03bf\u03c5\u03c4\u03c1\u03cc \u03ba\u03b1\u03b9 \u03ad\u03bd\u03b1 \u03c5\u03c0\u03bd\u03bf\u03b4\u03c9\u03bc\u03ac\u03c4\u03b9\u03bf. \u0395\u03c0\u03b9\u03c0\u03bb\u03ad\u03bf\u03bd \u03c3\u03c4\u03bf \u03c0\u03c1\u03ce\u03c4\u03bf \u03b5\u03c0\u03af\u03c0\u03b5\u03b4\u03bf \u03b1\u03bd\u03ae\u03ba\u03b5\u03b9 \u03ad\u03bd\u03b1 \u03bc\u03b5\u03b3\u03ac\u03bb\u03bf \u03bc\u03ad\u03c1\u03bf\u03c2 \u03c4\u03b7\u03c2 \u03b2\u03b5\u03c1\u03ac\u03bd\u03c4\u03b1\u03c2 \u03bc\u03b5 \u03bc\u03b9\u03b1 \u03b5\u03ba\u03c0\u03bb\u03b7\u03ba\u03c4\u03b9\u03ba\u03ae \u03b8\u03ad\u03b1 \u03c0\u03c1\u03bf\u03c2 \u03c4\u03b7 \u03b8\u03ac\u03bb\u03b1\u03c3\u03c3\u03b1, \u03b5\u03bd\u03ce \u03b7 \u03ad\u03be\u03bf\u03b4\u03bf\u03c2 \u03c0\u03c1\u03bf\u03c2 \u03c4\u03b7 \u03b2\u03b5\u03c1\u03ac\u03bd\u03c4\u03b1 \u03c0\u03c1\u03b1\u03b3\u03bc\u03b1\u03c4\u03bf\u03c0\u03bf\u03b9\u03b5\u03af\u03c4\u03b1\u03b9 \u03bc\u03ad\u03c3\u03b1 \u03b1\u03c0\u03cc \u03c4\u03bf \u03ba\u03b1\u03b8\u03b9\u03c3\u03c4\u03b9\u03ba\u03cc. \u03a4\u03bf \u03b4\u03b5\u03cd\u03c4\u03b5\u03c1\u03bf \u03ba\u03b1\u03b9 \u03c4\u03bf \u03c4\u03c1\u03af\u03c4\u03bf \u03b5\u03c0\u03af\u03c0\u03b5\u03b4\u03bf \u03b1\u03c0\u03bf\u03c4\u03b5\u03bb\u03bf\u03cd\u03bd\u03c4\u03b1\u03b9 \u03b1\u03c0\u03cc \u03b4\u03cd\u03bf \u03c0\u03bb\u03ae\u03c1\u03b7 \u03b4\u03b9\u03b1\u03bc\u03b5\u03c1\u03af\u03c3\u03bc\u03b1\u03c4\u03b1 \u03bc\u03b5 \u03b4\u03cd\u03bf \u03b5\u03c0\u03af\u03c0\u03b5\u03b4\u03b1 \u03bc\u03b5 \u03ad\u03bd\u03b1 \u03b4\u03c9\u03bc\u03ac\u03c4\u03b9\u03bf. <br><br>\u03a4\u03bf \u03ba\u03ac\u03b8\u03b5 \u03b4\u03b9\u03b1\u03bc\u03ad\u03c1\u03b9\u03c3\u03bc\u03b1 \u03ad\u03c7\u03b5\u03b9 \u03b5\u03c0\u03b9\u03c6\u03ac\u03bd\u03b5\u03b9\u03b1 45 \u03c4.\u03bc. \u0397 \u03ba\u03cd\u03c1\u03b9\u03b1 \u03b5\u03af\u03c3\u03bf\u03b4\u03bf\u03c2 \u03c3\u03c4\u03b1 \u03b4\u03b9\u03b1\u03bc\u03b5\u03c1\u03af\u03c3\u03bc\u03b1\u03c4\u03b1 \u03b4\u03cd\u03bf \u03b5\u03c0\u03b9\u03c0\u03ad\u03b4\u03c9\u03bd \u03c0\u03c1\u03b1\u03b3\u03bc\u03b1\u03c4\u03bf\u03c0\u03bf\u03b9\u03b5\u03af\u03c4\u03b1\u03b9 \u03b1\u03c0\u03cc \u03c4\u03b7\u03bd \u03c0\u03bb\u03b1\u03ca\u03bd\u03ae \u03bc\u03b9\u03ba\u03c1\u03ae \u03b2\u03b5\u03c1\u03ac\u03bd\u03c4\u03b1, \u03b5\u03bd\u03ce \u03b7 \u03b5\u03af\u03c3\u03bf\u03b4\u03bf\u03c2 \u03c3\u03c4\u03bf \u03b4\u03b9\u03b1\u03bc\u03ad\u03c1\u03b9\u03c3\u03bc\u03b1 \u03c0\u03c1\u03b1\u03b3\u03bc\u03b1\u03c4\u03bf\u03c0\u03bf\u03b9\u03b5\u03af\u03c4\u03b1\u03b9 \u03b1\u03c0\u03cc \u03c4\u03bf \u03b4\u03b5\u03cd\u03c4\u03b5\u03c1\u03bf \u03b5\u03c0\u03af\u03c0\u03b5\u03b4\u03bf \u03c4\u03bf\u03c5 \u03c3\u03c5\u03b3\u03ba\u03c1\u03bf\u03c4\u03ae\u03bc\u03b1\u03c4\u03bf\u03c2 \u03ba\u03b1\u03c4\u03bf\u03b9\u03ba\u03b9\u03ce\u03bd. \u03a4\u03bf \u03ba\u03ac\u03b8\u03b5 \u03b4\u03b9\u03b1\u03bc\u03ad\u03c1\u03b9\u03c3\u03bc\u03b1 \u03b4\u03cd\u03bf \u03b5\u03c0\u03b9\u03c0\u03ad\u03b4\u03c9\u03bd \u03b1\u03c0\u03bf\u03c4\u03b5\u03bb\u03b5\u03af\u03c4\u03b1\u03b9 \u03b1\u03c0\u03cc: \u03c4\u03bf \u03ba\u03b1\u03b8\u03b9\u03c3\u03c4\u03b9\u03ba\u03cc \u03ba\u03b1\u03b9 \u03c4\u03b7 \u03ba\u03bf\u03c5\u03b6\u03af\u03bd\u03b1 \u03c0\u03bf\u03c5 \u03b2\u03c1\u03af\u03c3\u03ba\u03bf\u03bd\u03c4\u03b1\u03b9 \u03c3\u03b5 \u03ad\u03bd\u03b1\u03bd \u03b5\u03bd\u03b9\u03b1\u03af\u03bf \u03c7\u03ce\u03c1\u03bf, \u03bb\u03bf\u03c5\u03c4\u03c1\u03cc, \u03c3\u03bf\u03c6\u03af\u03c4\u03b1 \u03ba\u03b1\u03b9 \u03bc\u03af\u03b1 \u03be\u03b5\u03c7\u03c9\u03c1\u03b9\u03c3\u03c4\u03ae \u03b2\u03b5\u03c1\u03ac\u03bd\u03c4\u03b1 \u03b7 \u03bf\u03c0\u03bf\u03af\u03b1 \u03b2\u03c1\u03af\u03c3\u03ba\u03b5\u03c4\u03b1\u03b9 \u03c3\u03c4\u03bf \u03b4\u03b5\u03cd\u03c4\u03b5\u03c1\u03bf \u03b5\u03c0\u03af\u03c0\u03b5\u03b4\u03bf \u03c4\u03bf\u03c5 \u03c3\u03c5\u03b3\u03ba\u03c1\u03bf\u03c4\u03ae\u03bc\u03b1\u03c4\u03bf\u03c2 \u03c4\u03c9\u03bd \u03ba\u03b1\u03c4\u03bf\u03b9\u03ba\u03b9\u03ce\u03bd. \u0395\u03c0\u03b9\u03c0\u03c1\u03bf\u03c3\u03b8\u03ad\u03c4\u03c9\u03c2 \u03c4\u03bf \u03b4\u03b5\u03cd\u03c4\u03b5\u03c1\u03bf \u03b5\u03c0\u03af\u03c0\u03b5\u03b4\u03bf \u03b4\u03b9\u03b1\u03b8\u03ad\u03c4\u03b5\u03b9 \u03bc\u03af\u03b1 \u03b5\u03c3\u03c9\u03c4\u03b5\u03c1\u03b9\u03ba\u03ae \u03c3\u03ba\u03ac\u03bb\u03b1 \u03b7 \u03bf\u03c0\u03bf\u03af\u03b1 \u03bf\u03b4\u03b7\u03b3\u03b5\u03af \u03c3\u03c4\u03bf \u03c4\u03c1\u03af\u03c4\u03bf \u03b5\u03c0\u03af\u03c0\u03b5\u03b4\u03bf \u03c4\u03bf\u03c5 \u03c3\u03c5\u03b3\u03ba\u03c1\u03bf\u03c4\u03ae\u03bc\u03b1\u03c4\u03bf\u03c2, \u03c3\u03c4\u03b7 \u03bb\u03b5\u03b3\u03cc\u03bc\u03b5\u03bd\u03b7 \u03c3\u03bf\u03c6\u03af\u03c4\u03b1 \u03ae \u03c3\u03c4\u03bf \u03b4\u03b5\u03cd\u03c4\u03b5\u03c1\u03bf \u03b5\u03c0\u03af\u03c0\u03b5\u03b4\u03bf \u03c4\u03bf\u03c5 \u03b4\u03b9\u03b1\u03bc\u03b5\u03c1\u03af\u03c3\u03bc\u03b1\u03c4\u03bf\u03c2, \u03c4\u03bf \u03bf\u03c0\u03bf\u03af\u03bf \u03b4\u03b9\u03b1\u03b8\u03ad\u03c4\u03b5\u03b9 \u03ad\u03bd\u03b1 \u03c5\u03c0\u03bd\u03bf\u03b4\u03c9\u03bc\u03ac\u03c4\u03b9\u03bf \u03ba\u03b1\u03b9 \u03b2\u03b5\u03c1\u03ac\u03bd\u03c4\u03b1. \u0397 \u03ba\u03ac\u03b8\u03b5 \u03b2\u03b5\u03c1\u03ac\u03bd\u03c4\u03b1 \u03c4\u03bf\u03c5 \u03b4\u03b9\u03b1\u03bc\u03b5\u03c1\u03af\u03c3\u03bc\u03b1\u03c4\u03bf\u03c2 \u03b4\u03cd\u03bf \u03b5\u03c0\u03b9\u03c0\u03ad\u03b4\u03c9\u03bd \u03ad\u03c7\u03b5\u03b9 \u03b8\u03ad\u03b1 \u03c4\u03b7 \u03b8\u03ac\u03bb\u03b1\u03c3\u03c3\u03b1 \u03ba\u03b1\u03b9 \u03c4\u03bf\u03c5\u03c2 \u03bb\u03cc\u03c6\u03bf\u03c5\u03c2 \u03c4\u03bf\u03c5 \u039a\u03c1\u03b9\u03b1\u03c1\u03b9\u03c4\u03c3\u03af\u03bf\u03c5.<\/p>\n\n\n\n<div class=\"row\">\n<div class=\"column_price\"><input id=\"price\" type=\"button\" value=\"\u0395\u03bc\u03c6\u03ac\u03bd\u03b9\u03c3\u03b7 \u03c4\u03b9\u03bc\u03ce\u03bd \u03b3\u03b9\u03b1 \u03a0\u03b1\u03c1\u03bd\u03b1\u03c3\u03c3\u03cc\u03c2 1\"><\/div>\n<div class=\"column_price\"><input id=\"price\" type=\"button\" value=\"\u0395\u03bc\u03c6\u03ac\u03bd\u03b9\u03c3\u03b7 \u03c4\u03b9\u03bc\u03ce\u03bd \u03b3\u03b9\u03b1 \u03a0\u03b1\u03c1\u03bd\u03b1\u03c3\u03c3\u03cc\u03c2 2\"><\/div>\n<\/div>\n\n\n\n<p class=\"has-text-align-center\"><a href=\"https:\/\/kriaritsi.com\/\" class=\"rank-math-link\">\u039a\u03c1\u03b9\u03b1\u03c1\u03af\u03c4\u03c3\u03b9 <\/a>\u03c0\u03c1\u03cc\u03c4\u03b6\u03b5\u03ba\u03c4 \u03b4\u03b7\u03bc\u03b9\u03bf\u03c5\u03c1\u03b3\u03ae\u03b8\u03b7\u03ba\u03b5 \u03b1\u03c0\u03cc \u03c4\u03b7\u03bd <a href=\"http:\/\/grekodom.com\" class=\"rank-math-link\" target=\"_blank\" rel=\"noopener\">Grekodom Development<\/a><\/p>\n\n\n\n<div class=\"wp-block-image\"><figure class=\"aligncenter size-large\"><img loading=\"lazy\" decoding=\"async\" width=\"16\" height=\"16\" src=\"https:\/\/kriaritsi.com\/wp-content\/uploads\/2021\/03\/sadasdsadsa.jpg\" alt=\"\u03c0\u03b1\u03c1\u03bd\u03b1\u03c3\u03c3\u03cc\u03c2\" class=\"wp-image-31127\" title=\"\"><\/figure><\/div>\n\n\n\n<figure class=\"wp-block-image size-large\"><img decoding=\"async\" src=\"https:\/\/kriaritsi.com\/wp-content\/uploads\/2021\/03\/sadasdsadsa.jpg\" alt=\"Sygr\u00f3tima katoiki\u00f3n Parnass\u00f3s 2021\" title=\"\"><\/figure>\n\n\n\n<figure class=\"wp-block-image size-large\"><img decoding=\"async\" src=\"https:\/\/kriaritsi.com\/wp-content\/uploads\/2021\/03\/sadasdsadsa.jpg\" alt=\"\u03a3\u03c5\u03b3\u03ba\u03c1\u03cc\u03c4\u03b7\u03bc\u03b1 \u03ba\u03b1\u03c4\u03bf\u03b9\u03ba\u03b9\u03ce\u03bd \u00ab\u03a0\u03b1\u03c1\u03bd\u03b1\u03c3\u03c3\u03cc\u03c2\u00bb - \u039a\u03c1\u03b9\u03b1\u03c1\u03af\u03c4\u03c3\u03b9 \u03c0\u03c1\u03cc\u03c4\u03b6\u03b5\u03ba\u03c4 - 2021\" title=\"\"><\/figure>\n\n\n\n<p><\/p>\n","protected":false},"excerpt":{"rendered":"<p>\u03a3\u03c5\u03b3\u03ba\u03c1\u03cc\u03c4\u03b7\u03bc\u03b1 \u03ba\u03b1\u03c4\u03bf\u03b9\u03ba\u03b9\u03ce\u03bd \u00ab\u03a0\u03b1\u03c1\u03bd\u03b1\u03c3\u03c3\u03cc\u03c2\u00bb \u03a4\u03bf \u03c3\u03c5\u03b3\u03ba\u03c1\u03cc\u03c4\u03b7\u03bc\u03b1 \u03c0\u03b1\u03c1\u03bd\u03b1\u03c3\u03c3\u03cc\u03c2 \u03b1\u03c0\u03bf\u03c4\u03b5\u03bb\u03b5\u03af\u03c4\u03b1\u03b9 \u03b1\u03c0\u03cc \u03c4\u03c1\u03af\u03b1 \u03b5\u03c0\u03af\u03c0\u03b5\u03b4\u03b1, \u03c3\u03bf\u03c6\u03af\u03c4\u03b1 \u03ba\u03b1\u03b9 \u03b2\u03b5\u03c1\u03ac\u03bd\u03c4\u03b5\u03c2.\u03a4\u03bf \u03c0\u03c1\u03ce\u03c4\u03bf \u03b5\u03c0\u03af\u03c0\u03b5\u03b4\u03bf \u03b1\u03c0\u03bf\u03c4\u03b5\u03bb\u03b5\u03af\u03c4\u03b1\u03b9 \u03b1\u03c0\u03cc \u03b4\u03cd\u03bf \u03c0\u03bb\u03ae\u03c1\u03b7 \u03b4\u03b9\u03b1\u03bc\u03b5\u03c1\u03af\u03c3\u03bc\u03b1\u03c4\u03b1 \u03bc\u03b5 \u03ad\u03bd\u03b1 \u03b4\u03c9\u03bc\u03ac\u03c4\u03b9\u03bf. \u03a4\u03bf \u03ba\u03ac\u03b8\u03b5 \u03b4\u03b9\u03b1\u03bc\u03ad\u03c1\u03b9\u03c3\u03bc\u03b1 \u03ad\u03c7\u03b5\u03b9 \u03b5\u03c0\u03b9\u03c6\u03ac\u03bd\u03b5\u03b9\u03b1 44 \u03c4.\u03bc. \u0397 \u03ba\u03b5\u03bd\u03c4\u03c1\u03b9\u03ba\u03ae \u03b5\u03af\u03c3\u03bf\u03b4\u03bf\u03c2 \u03c3\u03c4\u03b1 \u03b4\u03b9\u03b1\u03bc\u03b5\u03c1\u03af\u03c3\u03bc\u03b1\u03c4\u03b1 \u03c0\u03c1\u03b1\u03b3\u03bc\u03b1\u03c4\u03bf\u03c0\u03bf\u03b9\u03b5\u03af\u03c4\u03b1\u03b9 \u03b1\u03c0\u03cc \u03c4\u03b7\u03bd \u03c0\u03bb\u03b1\u03ca\u03bd\u03ae \u03b2\u03b5\u03c1\u03ac\u03bd\u03c4\u03b1. \u039a\u03ac\u03b8\u03b5 \u03b4\u03b9\u03b1\u03bc\u03ad\u03c1\u03b9\u03c3\u03bc\u03b1 \u03c0\u03c1\u03ce\u03c4\u03bf\u03c5 \u03b5\u03c0\u03b9\u03c0\u03ad\u03b4\u03bf\u03c5 \u03b1\u03c0\u03bf\u03c4\u03b5\u03bb\u03b5\u03af\u03c4\u03b1\u03b9 \u03b1\u03c0\u03cc \u03ba\u03b1\u03b8\u03b9\u03c3\u03c4\u03b9\u03ba\u03cc, \u03ba\u03bf\u03c5\u03b6\u03af\u03bd\u03b1, \u03c0\u03bf\u03c5 \u03b2\u03c1\u03af\u03c3\u03ba\u03bf\u03bd\u03c4\u03b1\u03b9 \u03c3\u03b5 \u03ad\u03bd\u03b1\u03bd \u03b5\u03bd\u03b9\u03b1\u03af\u03bf \u03c7\u03ce\u03c1\u03bf, \u03bb\u03bf\u03c5\u03c4\u03c1\u03cc [&hellip;]<\/p>\n","protected":false},"author":1,"featured_media":0,"parent":0,"menu_order":0,"comment_status":"closed","ping_status":"closed","template":"","meta":{"footnotes":""},"class_list":["post-24756","page","type-page","status-publish","hentry"],"_links":{"self":[{"href":"https:\/\/kriaritsi.com\/el\/wp-json\/wp\/v2\/pages\/24756","targetHints":{"allow":["GET"]}}],"collection":[{"href":"https:\/\/kriaritsi.com\/el\/wp-json\/wp\/v2\/pages"}],"about":[{"href":"https:\/\/kriaritsi.com\/el\/wp-json\/wp\/v2\/types\/page"}],"author":[{"embeddable":true,"href":"https:\/\/kriaritsi.com\/el\/wp-json\/wp\/v2\/users\/1"}],"replies":[{"embeddable":true,"href":"https:\/\/kriaritsi.com\/el\/wp-json\/wp\/v2\/comments?post=24756"}],"version-history":[{"count":0,"href":"https:\/\/kriaritsi.com\/el\/wp-json\/wp\/v2\/pages\/24756\/revisions"}],"wp:attachment":[{"href":"https:\/\/kriaritsi.com\/el\/wp-json\/wp\/v2\/media?parent=24756"}],"curies":[{"name":"wp","href":"https:\/\/api.w.org\/{rel}","templated":true}]}}